{"id":91,"date":"2025-07-08T13:51:58","date_gmt":"2025-07-08T12:51:58","guid":{"rendered":"https:\/\/sdi.mwd-dev.lu\/?page_id=91"},"modified":"2025-12-12T12:52:14","modified_gmt":"2025-12-12T11:52:14","slug":"contact","status":"publish","type":"page","link":"https:\/\/scenesdinterieur.lu\/en\/contact\/","title":{"rendered":"Contact"},"content":{"rendered":"<h1>Kontakt<\/h1>\n<div class=\"mwd-shortcode\">\n<div class=\"wpcf7 no-js\" id=\"wpcf7-f335-o1\" lang=\"en-US\" dir=\"ltr\" data-wpcf7-id=\"335\">\n<div class=\"screen-reader-response\">\n<p role=\"status\" aria-live=\"polite\" aria-atomic=\"true\">\n<ul><\/ul>\n<\/div>\n<form action=\"\/wp-admin\/admin-ajax.php?action=kernel&#038;p=page#wpcf7-f335-o1\" method=\"post\" class=\"wpcf7-form init wpcf7-acceptance-as-validation\" aria-label=\"Contact form\" novalidate=\"novalidate\" data-status=\"init\">\n<fieldset class=\"hidden-fields-container\"><input type=\"hidden\" name=\"_wpcf7\" value=\"335\" \/><input type=\"hidden\" name=\"_wpcf7_version\" value=\"6.1\" \/><input type=\"hidden\" name=\"_wpcf7_locale\" value=\"en_US\" \/><input type=\"hidden\" name=\"_wpcf7_unit_tag\" value=\"wpcf7-f335-o1\" \/><input type=\"hidden\" name=\"_wpcf7_container_post\" value=\"0\" \/><input type=\"hidden\" name=\"_wpcf7_posted_data_hash\" value=\"\" \/><br \/>\n<\/fieldset>\n<div class=\"uk-margin uk-grid-column\" uk-grid>\n<div class=\"uk-width-1-2@m\">\n<p><label>Numm*<\/label><span class=\"wpcf7-form-control-wrap\" data-name=\"first-name\"><input size=\"40\" maxlength=\"400\" class=\"wpcf7-form-control wpcf7-text wpcf7-validates-as-required uk-input\" aria-required=\"true\" aria-invalid=\"false\" value=\"\" type=\"text\" name=\"first-name\" \/><\/span>\n\t\t<\/p>\n<\/p><\/div>\n<div class=\"uk-width-1-2@m\">\n<p><label>Virnumm<\/label><span class=\"wpcf7-form-control-wrap\" data-name=\"last-name\"><input size=\"40\" maxlength=\"400\" class=\"wpcf7-form-control wpcf7-text uk-input\" aria-invalid=\"false\" value=\"\" type=\"text\" name=\"last-name\" \/><\/span>\n\t\t<\/p>\n<\/p><\/div>\n<div class=\"uk-width-1-2@m\">\n<p><label>E-Mail Adress*<\/label><span class=\"wpcf7-form-control-wrap\" data-name=\"your-email\"><input size=\"40\" maxlength=\"400\" class=\"wpcf7-form-control wpcf7-email wpcf7-validates-as-required wpcf7-text wpcf7-validates-as-email uk-input\" aria-required=\"true\" aria-invalid=\"false\" value=\"\" type=\"email\" name=\"your-email\" \/><\/span>\n\t\t<\/p>\n<\/p><\/div>\n<div class=\"uk-width-1-2@m\">\n<p><label>Telefonsnummer<\/label><span class=\"wpcf7-form-control-wrap\" data-name=\"your-phone\"><input size=\"40\" maxlength=\"12\" class=\"wpcf7-form-control wpcf7-tel wpcf7-text wpcf7-validates-as-tel uk-input\" aria-invalid=\"false\" value=\"\" type=\"tel\" name=\"your-phone\" \/><\/span>\n\t\t<\/p>\n<\/p><\/div>\n<div class=\"uk-width-1-1@m\">\n<p><label>Betreff*<\/label><span class=\"wpcf7-form-control-wrap\" data-name=\"your-subject\"><input size=\"40\" maxlength=\"400\" class=\"wpcf7-form-control wpcf7-text wpcf7-validates-as-required uk-input\" aria-required=\"true\" aria-invalid=\"false\" value=\"\" type=\"text\" name=\"your-subject\" \/><\/span>\n\t\t<\/p>\n<\/p><\/div>\n<div class=\"uk-width-1-1@m\">\n<p><label>Message*<\/label><span class=\"wpcf7-form-control-wrap\" data-name=\"your-message\"><textarea cols=\"40\" rows=\"10\" maxlength=\"2000\" class=\"wpcf7-form-control wpcf7-textarea wpcf7-validates-as-required uk-input\" aria-required=\"true\" aria-invalid=\"false\" name=\"your-message\"><\/textarea><\/span>\n\t\t<\/p>\n<\/p><\/div>\n<div class=\"uk-width-1-1@m\">\n<p><span class=\"wpcf7-form-control-wrap\" data-name=\"acceptance-314\"><span class=\"wpcf7-form-control wpcf7-acceptance\"><span class=\"wpcf7-list-item\"><label><input type=\"checkbox\" name=\"acceptance-314\" value=\"1\" aria-invalid=\"false\" \/><span class=\"wpcf7-list-item-label\">Andeems Dir d\u00ebse Kontaktformular ofsch\u00e9ckt, accept\u00e9iert Dir d&#8217;Benotzung vun \u00c4ren Donn\u00e9e\u00eb fir \u00c4r Ufro ze veraarbechten.<br \/>\n<a class=\"external\" target=\"_blank\" href=\"\/privacy-policy\/#personal-data\">M\u00e9i Informatioune fannt Dir an der Dateschutzerkl\u00e4rung.<\/a><\/span><\/label><\/span><\/span><\/span>\n\t\t<\/p>\n<\/p><\/div>\n<div class=\"uk-width-1-1@m\">\n<p><input class=\"wpcf7-form-control wpcf7-submit has-spinner uk-button uk-button-default\" type=\"submit\" value=\"Ofsch\u00e9cken\" \/>\n\t\t<\/p>\n<\/p><\/div>\n<\/div>\n<div class=\"wpcf7-response-output\" aria-hidden=\"true\"><\/div>\n<\/form>\n<\/div>\n<\/div>\n<div>\n<p>49.847035789674976,6.099844121286102<\/p>\n<h3>Sc\u00e8nes d&#8217;int\u00e9rieur<\/h3>\n<\/div>\n<p><img decoding=\"async\" src=\"\/_res\/uploads\/2025\/07\/fleur-contact.svg\" alt=\"\"><\/p>\n<p><br \/>\n<\/p>\n","protected":false},"excerpt":{"rendered":"<p>Kontakt Numm* Virnumm E-Mail Adress* Telefonsnummer Betreff* Message* Andeems Dir d\u00ebse Kontaktformular ofsch\u00e9ckt, accept\u00e9iert Dir d&#8217;Benotzung vun \u00c4ren Donn\u00e9e\u00eb fir \u00c4r Ufro ze veraarbechten. M\u00e9i Informatioune fannt Dir an der Dateschutzerkl\u00e4rung. 49.847035789674976,6.099844121286102 Sc\u00e8nes d&#8217;int\u00e9rieur<\/p>\n","protected":false},"author":1,"featured_media":0,"parent":0,"menu_order":0,"comment_status":"closed","ping_status":"closed","template":"","meta":{"_acf_changed":false,"footnotes":""},"class_list":["post-91","page","type-page","status-publish","hentry"],"acf":[],"_links":{"self":[{"href":"https:\/\/scenesdinterieur.lu\/en\/wp-json\/wp\/v2\/pages\/91","targetHints":{"allow":["GET"]}}],"collection":[{"href":"https:\/\/scenesdinterieur.lu\/en\/wp-json\/wp\/v2\/pages"}],"about":[{"href":"https:\/\/scenesdinterieur.lu\/en\/wp-json\/wp\/v2\/types\/page"}],"author":[{"embeddable":true,"href":"https:\/\/scenesdinterieur.lu\/en\/wp-json\/wp\/v2\/users\/1"}],"replies":[{"embeddable":true,"href":"https:\/\/scenesdinterieur.lu\/en\/wp-json\/wp\/v2\/comments?post=91"}],"version-history":[{"count":0,"href":"https:\/\/scenesdinterieur.lu\/en\/wp-json\/wp\/v2\/pages\/91\/revisions"}],"wp:attachment":[{"href":"https:\/\/scenesdinterieur.lu\/en\/wp-json\/wp\/v2\/media?parent=91"}],"curies":[{"name":"wp","href":"https:\/\/api.w.org\/{rel}","templated":true}]}}